{"id":756,"date":"2018-08-29T15:03:57","date_gmt":"2018-08-29T18:03:57","guid":{"rendered":"https:\/\/isfd153-bue.infd.edu.ar\/sitio\/plan-de-estudios-3\/"},"modified":"2025-10-30T11:36:25","modified_gmt":"2025-10-30T14:36:25","slug":"plan-de-estudios-3","status":"publish","type":"page","link":"https:\/\/isfd153-bue.infd.edu.ar\/sitio\/plan-de-estudios-3\/","title":{"rendered":"Plan de estudios"},"content":{"rendered":"<p style=\"text-align: center;\"><strong style=\"font-size: 2em;\">Profesorado de Educaci\u00f3n Primaria<\/strong><\/p>\n<p style=\"text-align: center;\">\u00a0<strong>(<a href=\"https:\/\/abc.gob.ar\/secretarias\/sites\/default\/files\/2021-05\/Dise%C3%B1o%20Curricular%20Profesorado%20de%20Educaci%C3%B3n%20Inicial%20y%20primaria.pdf\">Resoluci\u00f3n 4154\/07<\/a>)<\/strong><\/p>\n<div>\n<p><strong>1\u00ba A\u00d1O<\/strong><\/p>\n<\/div>\n<p>Taller de Lectura, Escritura y Oralidad<br \/>\nTaller de Pensamiento L\u00f3gico Matem\u00e1tico<br \/>\nTaller de Definici\u00f3n Institucional<br \/>\nFilosof\u00eda<br \/>\nDid\u00e1ctica General<br \/>\nPedagog\u00eda<br \/>\nAn\u00e1lisis del Mundo Contempor\u00e1neo<br \/>\nPsicolog\u00eda del Desarrollo y el Aprendizaje I<br \/>\nCorporeidad y Motricidad<br \/>\nArte y Educaci\u00f3n<br \/>\nCampo de la Pr\u00e1ctica Docente I<\/p>\n<p><strong>2\u00ba A\u00d1O<\/strong><\/p>\n<p>Teor\u00edas Sociopol\u00edticas y Educaci\u00f3n<br \/>\nDid\u00e1ctica y Curriculum de Nivel Primario<br \/>\nPsicolog\u00eda del Desarrollo y el Aprendizaje II<br \/>\nPsicolog\u00eda Social e Institucional<br \/>\nCultura, Comunicaci\u00f3n y Educaci\u00f3n<br \/>\nEducaci\u00f3n Art\u00edstica<br \/>\nDid\u00e1ctica de Pr\u00e1cticas del Lenguaje y la Literatura I<br \/>\nDid\u00e1ctica de las Ciencias Sociales I<br \/>\nDid\u00e1ctica de las Ciencias Naturales I<br \/>\nDid\u00e1ctica de la Matem\u00e1tica I<br \/>\nTrayecto Formativo Opcional: \u00abExpresi\u00f3n Corporal\u00bb<br \/>\nCampo de la Pr\u00e1ctica Docente II<\/p>\n<p><strong>3\u00ba A\u00d1O<\/strong><\/p>\n<p>Historia y Prospectiva de la Educaci\u00f3n<br \/>\nPol\u00edticas, Legislaci\u00f3n y Administraci\u00f3n del Trabajo Escolar<br \/>\nConfiguraciones Culturales del Sujeto Educativo de Primaria<br \/>\nMedios Audiovisuales, Tics y Educaci\u00f3n<br \/>\nEducaci\u00f3n F\u00edsica Escolar<br \/>\nDid\u00e1ctica de Pr\u00e1cticas del Lenguaje y la Literatura II<br \/>\nDid\u00e1ctica de las Ciencias Sociales II<br \/>\nDid\u00e1ctica de las\u00a0Ciencias Naturales II<br \/>\nDid\u00e1ctica de la\u00a0Matem\u00e1tica II<br \/>\nTrayecto Formativo Opcional: \u00abDanza Tradicional y Contempor\u00e1nea\u00bb<br \/>\nCampo de la Pr\u00e1ctica Docente III<\/p>\n<p><strong>4\u00ba A\u00d1O<\/strong><\/p>\n<p>Reflexi\u00f3n Filos\u00f3fica de la Educaci\u00f3n<br \/>\nDimensi\u00f3n \u00c9tico &#8211; Pol\u00edtica de la Praxis Docente<br \/>\nPedagog\u00eda Cr\u00edtica de las Diferencias<br \/>\nAteneo de Practicas del Lenguaje y la Literatura<br \/>\nAteneo de Matem\u00e1tica<br \/>\nAteneo de Naturaleza y Sociedad<br \/>\nAteneo de nuevas Expresiones Est\u00e9ticas<br \/>\nCampo de la Pr\u00e1ctica Docente IV<\/p>\n","protected":false},"excerpt":{"rendered":"<p>Profesorado de Educaci\u00f3n Primaria \u00a0(Resoluci\u00f3n 4154\/07) 1\u00ba A\u00d1O Taller de Lectura, Escritura y Oralidad Taller de Pensamiento L\u00f3gico Matem\u00e1tico Taller de Definici\u00f3n Institucional Filosof\u00eda Did\u00e1ctica General Pedagog\u00eda An\u00e1lisis del Mundo Contempor\u00e1neo Psicolog\u00eda del Desarrollo y el Aprendizaje I Corporeidad y Motricidad Arte y Educaci\u00f3n Campo de la Pr\u00e1ctica Docente I 2\u00ba A\u00d1O Teor\u00edas Sociopol\u00edticas y &#8230; <a title=\"Plan de estudios\" class=\"read-more\" href=\"https:\/\/isfd153-bue.infd.edu.ar\/sitio\/plan-de-estudios-3\/\" aria-label=\"More on Plan de estudios\">[+]<\/a><\/p>\n","protected":false},"author":63,"featured_media":0,"parent":0,"menu_order":0,"comment_status":"closed","ping_status":"closed","template":"","meta":[],"acf":[],"_links":{"self":[{"href":"https:\/\/isfd153-bue.infd.edu.ar\/sitio\/wp-json\/wp\/v2\/pages\/756"}],"collection":[{"href":"https:\/\/isfd153-bue.infd.edu.ar\/sitio\/wp-json\/wp\/v2\/pages"}],"about":[{"href":"https:\/\/isfd153-bue.infd.edu.ar\/sitio\/wp-json\/wp\/v2\/types\/page"}],"author":[{"embeddable":true,"href":"https:\/\/isfd153-bue.infd.edu.ar\/sitio\/wp-json\/wp\/v2\/users\/63"}],"replies":[{"embeddable":true,"href":"https:\/\/isfd153-bue.infd.edu.ar\/sitio\/wp-json\/wp\/v2\/comments?post=756"}],"version-history":[{"count":2,"href":"https:\/\/isfd153-bue.infd.edu.ar\/sitio\/wp-json\/wp\/v2\/pages\/756\/revisions"}],"predecessor-version":[{"id":908,"href":"https:\/\/isfd153-bue.infd.edu.ar\/sitio\/wp-json\/wp\/v2\/pages\/756\/revisions\/908"}],"wp:attachment":[{"href":"https:\/\/isfd153-bue.infd.edu.ar\/sitio\/wp-json\/wp\/v2\/media?parent=756"}],"curies":[{"name":"wp","href":"https:\/\/api.w.org\/{rel}","templated":true}]}}