{"id":754,"date":"2018-08-29T15:03:57","date_gmt":"2018-08-29T18:03:57","guid":{"rendered":"https:\/\/isfd153-bue.infd.edu.ar\/sitio\/plan-de-estudios-2\/"},"modified":"2025-10-30T11:38:09","modified_gmt":"2025-10-30T14:38:09","slug":"plan-de-estudios-2","status":"publish","type":"page","link":"https:\/\/isfd153-bue.infd.edu.ar\/sitio\/plan-de-estudios-2\/","title":{"rendered":"Plan de estudios"},"content":{"rendered":"<h1 style=\"text-align: center;\">\u00a0<span style=\"font-family: arial, helvetica, sans-serif; font-size: 18pt;\"><strong>Profesorado en Lengua y Literatura<\/strong><\/span><\/h1>\n<h1 style=\"text-align: center;\"><a href=\"https:\/\/abc.gob.ar\/secretarias\/sites\/default\/files\/2021-05\/Dise%C3%B1o%20Curricular%20Profesorado%20de%20Educaci%C3%B3n%20Secundaria%20en%20Lengua%20y%20Literatura.pdf\"><span style=\"font-family: arial, helvetica, sans-serif; font-size: 18pt;\">\u00a0<strong>(Resoluci\u00f3n 1862\/17)<\/strong><\/span><\/a><\/h1>\n<div>\n<p><span style=\"text-decoration: underline;\"><strong><span style=\"font-family: arial, helvetica, sans-serif; font-size: 12pt;\">1\u00ba A\u00d1O<\/span><\/strong><\/span><\/p>\n<p>Pedagog\u00eda.<br \/>\n<span style=\"font-size: revert;\">Did\u00e1ctica General.<br \/>\nProblem\u00e1ticas Socio-Institucionales.<br \/>\nTeor\u00eda Literaria I<br \/>\nHistoria de la Lengua Espa\u00f1ola.<br \/>\nLectura y Escritura.<br \/>\nHistoria Social y Cultural de la Literatura I<br \/>\nLing\u00fb\u00edstica y Gram\u00e1tica I<br \/>\nCampo de la Formaci\u00f3n en la Practica Profesional: Complejidades y Entramados.<\/span><\/p>\n<\/div>\n<p><strong style=\"font-size: revert;\"><span style=\"text-decoration: underline;\"><span style=\"font-family: arial, helvetica, sans-serif; font-size: 12pt;\">2\u00ba A\u00d1O<\/span><\/span><\/strong><\/p>\n<p>Historia y Pol\u00edtica Argentina.<br \/>\nEnse\u00f1ar con Tecnolog\u00edas.<br \/>\nPerspectivas acerca de los Sujetos de la Educaci\u00f3n.<br \/>\nTeor\u00eda Literaria II<br \/>\nSemi\u00f3tica.<br \/>\nHistoria Social y Cultural de la Literatura II<br \/>\nDid\u00e1ctica de la Lengua y la Literatura I<br \/>\nTalleres de Alfabetizaci\u00f3n y Literatura Infanto Juvenil<br \/>\n<span style=\"font-size: revert;\">Ling\u00fb\u00edstica<\/span> y Gram\u00e1tica II<br \/>\nCampo de la Formaci\u00f3n en la Practica Profesional: La construcci\u00f3n del trabajo docente en la escuela secundaria.<\/p>\n<p><strong style=\"font-size: revert;\"><span style=\"font-family: arial, helvetica, sans-serif; font-size: 12pt;\">3\u00ba A\u00d1O<\/span><\/strong><\/p>\n<p>Educaci\u00f3n para la Diversidad.<br \/>\nFilosof\u00eda y Educaci\u00f3n.<br \/>\nEvaluaci\u00f3n de los Aprendizajes .<br \/>\nOfertas de Unidades Curriculares Anuales Optativas para el Estudiante: Nivel I de Ingles o Narrativa Pegag\u00f3gica.<br \/>\nTeor\u00eda Literaria III<br \/>\nPsicolinguistica.<br \/>\nDidactica de la Lengua y Literatura II<br \/>\nLiteratura Espa\u00f1ola y Literatra Latinoamericana.<br \/>\nLinguistica y Gramatica III<br \/>\nCampo de la Formacion en la Practica Profesional: La construccion de la tarea docente especifica en la ense\u00f1anza de nivel.<\/p>\n<p><span style=\"text-decoration: underline;\"><strong><span style=\"font-family: arial, helvetica, sans-serif; font-size: 12pt;\">4\u00ba A\u00d1O<\/span><\/strong><\/span><\/p>\n<p>Analisis e Intervencion en Situaciones de Convivencia Escolar<br \/>\nOferta de Unidades Curriculares Optativas para el Estudiante: Nivel I de Ingles o Tutorias y Orientacion Escolar<br \/>\nSeminario: Literatura y otros Lenguajes Artisticos.<br \/>\nSociolinguistica.<br \/>\nEspacion de Deficinicion Institucional (EDI)<br \/>\nDidactica de la Lengua y la Literatura III<br \/>\nLiteratura Argentina.<br \/>\nLinguistica y Gramatica IV<br \/>\nCampo de la Formacion en la Practica Profesional IV: La Reflexion sobre la tarea docente.<\/p>\n<p><span style=\"font-family: arial, helvetica, sans-serif; font-size: 12pt;\">\u00a0<\/span><\/p>\n<p><span style=\"font-family: arial, helvetica, sans-serif; font-size: 12pt;\">\u00a0<\/span><\/p>\n<p><span style=\"font-size: small;\">\u00a0<\/span><\/p>\n","protected":false},"excerpt":{"rendered":"<p>\u00a0Profesorado en Lengua y Literatura \u00a0(Resoluci\u00f3n 1862\/17) 1\u00ba A\u00d1O Pedagog\u00eda. Did\u00e1ctica General. Problem\u00e1ticas Socio-Institucionales. Teor\u00eda Literaria I Historia de la Lengua Espa\u00f1ola. Lectura y Escritura. Historia Social y Cultural de la Literatura I Ling\u00fb\u00edstica y Gram\u00e1tica I Campo de la Formaci\u00f3n en la Practica Profesional: Complejidades y Entramados. 2\u00ba A\u00d1O Historia y Pol\u00edtica Argentina. Ense\u00f1ar &#8230; <a title=\"Plan de estudios\" class=\"read-more\" href=\"https:\/\/isfd153-bue.infd.edu.ar\/sitio\/plan-de-estudios-2\/\" aria-label=\"More on Plan de estudios\">[+]<\/a><\/p>\n","protected":false},"author":53,"featured_media":0,"parent":0,"menu_order":0,"comment_status":"closed","ping_status":"closed","template":"","meta":[],"acf":[],"_links":{"self":[{"href":"https:\/\/isfd153-bue.infd.edu.ar\/sitio\/wp-json\/wp\/v2\/pages\/754"}],"collection":[{"href":"https:\/\/isfd153-bue.infd.edu.ar\/sitio\/wp-json\/wp\/v2\/pages"}],"about":[{"href":"https:\/\/isfd153-bue.infd.edu.ar\/sitio\/wp-json\/wp\/v2\/types\/page"}],"author":[{"embeddable":true,"href":"https:\/\/isfd153-bue.infd.edu.ar\/sitio\/wp-json\/wp\/v2\/users\/53"}],"replies":[{"embeddable":true,"href":"https:\/\/isfd153-bue.infd.edu.ar\/sitio\/wp-json\/wp\/v2\/comments?post=754"}],"version-history":[{"count":10,"href":"https:\/\/isfd153-bue.infd.edu.ar\/sitio\/wp-json\/wp\/v2\/pages\/754\/revisions"}],"predecessor-version":[{"id":910,"href":"https:\/\/isfd153-bue.infd.edu.ar\/sitio\/wp-json\/wp\/v2\/pages\/754\/revisions\/910"}],"wp:attachment":[{"href":"https:\/\/isfd153-bue.infd.edu.ar\/sitio\/wp-json\/wp\/v2\/media?parent=754"}],"curies":[{"name":"wp","href":"https:\/\/api.w.org\/{rel}","templated":true}]}}