{"id":750,"date":"2018-08-29T15:03:55","date_gmt":"2018-08-29T18:03:55","guid":{"rendered":"https:\/\/isfd153-bue.infd.edu.ar\/sitio\/docentes-y-no-docentes\/"},"modified":"2025-10-15T12:02:55","modified_gmt":"2025-10-15T15:02:55","slug":"docentes-y-no-docentes","status":"publish","type":"page","link":"https:\/\/isfd153-bue.infd.edu.ar\/sitio\/docentes-y-no-docentes\/","title":{"rendered":"Docentes y No Docentes"},"content":{"rendered":"<p><strong><u>DOCENTES<\/u><\/strong><\/p>\n<p><strong>Docentes del Profesorado de \u00a0Educaci\u00f3n Inicial<\/strong><\/p>\n<ul>\n<li>Alba, Eugenio<\/li>\n<li>Alonso, Tomas<\/li>\n<li>Bruno, Marisa<\/li>\n<li>Canepare, Silvana<\/li>\n<li>Cortesi, M\u00f3nica<\/li>\n<li>Ferreira, Erica<\/li>\n<li>Ghibaudi, Cynthia<\/li>\n<li>Godoy Rossi, Joel<\/li>\n<li>Keimel, Laura<\/li>\n<li>Lucesole, Elba<\/li>\n<li>Mangieri, Florencia<\/li>\n<li>Mansione, Victor<\/li>\n<li>Miquel, Magal\u00ed<\/li>\n<li>Moiso, Julia<\/li>\n<li>Olgu\u00edn, Graciela<\/li>\n<li>Russo, Eliana<\/li>\n<li>Santill\u00e1n, Guillermo<\/li>\n<li>Sperr, Guillermo<\/li>\n<li>Tolosa, Ana Laura<\/li>\n<li>Villa, Noelia<\/li>\n<li>Virgilio, Alba<\/li>\n<li>Vizio, Paula<\/li>\n<li>Zancarini, Griselda<\/li>\n<li>Zambelli, Sebasti\u00e1n<\/li>\n<\/ul>\n<p><strong>Docentes del Profesorado de Educaci\u00f3n Primaria<\/strong><\/p>\n<ul>\n<li>Alba, Eugenio<\/li>\n<li>Alonso, Tomas<\/li>\n<li>Avalos, Maria Jose<\/li>\n<li>Cortesi, Monica<\/li>\n<li>D&#8217;El\u00eda, Agustina<\/li>\n<li>Disanto, Ana<\/li>\n<li>Disanto, Ana<\/li>\n<li>Ferreira, Erica<\/li>\n<li>Jachini, Natalia<\/li>\n<li>Jorge, Adrian<\/li>\n<li>Keimel, Laura<\/li>\n<li>Lozano, Sandra<\/li>\n<li>Lucesole, Elba<\/li>\n<li>Mangieri, Florencia<\/li>\n<li>Miquel, Magal\u00ed<\/li>\n<li>Olgu\u00edn, Graciela<\/li>\n<li>Potenze, Mercedes<\/li>\n<li>Russo, Eliana<\/li>\n<li>Santill\u00e1n, Guillermo<\/li>\n<li>Sperr, Guillermo<\/li>\n<li>Villa, Noelia<\/li>\n<li>Virgilio, Alba<\/li>\n<li>Vivardo, Ximena<\/li>\n<li>Vizio, Paula<\/li>\n<li>Zancarini, Griselda<\/li>\n<li>Zambelli, Sebastian<\/li>\n<\/ul>\n<p><strong>Docentes del Profesorado de Lengua y Literatura<\/strong><\/p>\n<ul>\n<li>Lucesole Cimino, Mar\u00eda<\/li>\n<li>Mangieri, Florencia<\/li>\n<li>Ostinelli, Virginia<\/li>\n<li>Romero, Ludmila<\/li>\n<li>Vizio, Paula<\/li>\n<li>Zambelli, Sebasti\u00e1n<\/li>\n<\/ul>\n<p><strong><u>PRECEPTORES<\/u><\/strong><\/p>\n<ul>\n<li>Corca, Diego (Primaria y Leng. y Lit.)<\/li>\n<li>Figueroa, Cristian (Inicial)<\/li>\n<\/ul>\n<p><strong><u>BIBLIOTECARIO<\/u><\/strong><\/p>\n<ul>\n<li>Edelstein, Wenceslao<\/li>\n<\/ul>\n<p><strong><u>FONOUDIOLOGA<\/u><\/strong><\/p>\n<ul>\n<li>Nigro, Xiomara<\/li>\n<\/ul>\n<p><strong>\u00a0<\/strong><strong><u>NO\u00a0DOCENTES<\/u><\/strong><\/p>\n<ul>\n<li>Flores, M\u00f3nica<\/li>\n<li>Porciel, Gisela<\/li>\n<li>Pavicich, Karina<\/li>\n<\/ul>\n<p><strong><span style=\"text-decoration: underline;\">\u00a0<\/span><\/strong><\/p>\n<p><strong><span style=\"text-decoration: underline;\">\u00a0<\/span><\/strong><\/p>\n<p><strong><span style=\"text-decoration: underline;\">\u00a0<\/span><\/strong><\/p>\n<p><strong><span style=\"text-decoration: underline;\">\u00a0<\/span><\/strong><\/p>\n<p><strong><span style=\"text-decoration: underline;\">\u00a0<\/span><\/strong><\/p>\n<p><strong><span style=\"text-decoration: underline;\">\u00a0<\/span><\/strong><\/p>\n<p><strong><span style=\"text-decoration: underline;\">\u00a0<\/span><\/strong><\/p>\n<p><strong><span style=\"text-decoration: underline;\">\u00a0<\/span><\/strong><\/p>\n<p><strong><span style=\"text-decoration: underline;\">\u00a0<\/span><\/strong><\/p>\n<p><strong><span style=\"text-decoration: underline;\">\u00a0<\/span><\/strong><\/p>\n<p><strong><span style=\"text-decoration: underline;\">\u00a0<\/span><\/strong><\/p>\n<p><strong><span style=\"text-decoration: underline;\">\u00a0<\/span><\/strong><\/p>\n<p><strong><span style=\"text-decoration: underline;\">\u00a0<\/span><\/strong><\/p>\n<p><strong><span style=\"text-decoration: underline;\">\u00a0<\/span><\/strong><\/p>\n<p><strong><span style=\"text-decoration: underline;\">\u00a0<\/span><\/strong><\/p>\n<p><strong><span style=\"text-decoration: underline;\">\u00a0<\/span><\/strong><\/p>\n<p><strong><span style=\"text-decoration: underline;\">\u00a0<\/span><\/strong><\/p>\n<p><strong><span style=\"text-decoration: underline;\">\u00a0<\/span><\/strong><\/p>\n<p><strong><span style=\"text-decoration: underline;\">\u00a0<\/span><\/strong><\/p>\n<p><strong><span style=\"text-decoration: underline;\">\u00a0<\/span><\/strong><\/p>\n<p><strong><span style=\"text-decoration: underline;\">\u00a0<\/span><\/strong><\/p>\n<p><strong><span style=\"text-decoration: underline;\">\u00a0<\/span><\/strong><\/p>\n<p><span style=\"color: #cc6600; font-family: Arial; font-size: 12pt;\"><strong>\u00a0<\/strong><\/span><\/p>\n<table style=\"border: 1px solid #5090b0; width: 90%;\" border=\"1\" cellspacing=\"0\" cellpadding=\"0\" align=\"center\">\n<tbody>\n<tr align=\"center\" valign=\"middle\">\n<td style=\"width: 45%; height: 20px; background-color: #ddeaf0; border: #5090b0 1px solid;\" align=\"center\" valign=\"middle\"><span style=\"font-size: 10pt;\"><span style=\"font-family: verdana, geneva;\"><span style=\"color: #3e748e;\"><strong>Espacio Curricular (o Materia)<\/strong><\/span><\/span><\/span><\/td>\n<td style=\"width: 45%; height: 20px; background-color: #ddeaf0; border: #5090b0 1px solid;\" align=\"center\" valign=\"middle\"><span style=\"color: #3e748e; font-family: verdana, geneva; font-size: 10pt;\"><strong>Profesora<\/strong><\/span><\/td>\n<\/tr>\n<tr align=\"center\" valign=\"middle\">\n<td style=\"width: 45%; height: 20px; border: #5090b0 1px solid;\" align=\"center\" valign=\"middle\"><span style=\"font-family: Verdana; font-size: 10pt;\">\u00a0<\/span><\/td>\n<td style=\"width: 45%; height: 20px; border: #5090b0 1px solid;\" align=\"center\" valign=\"middle\"><span style=\"font-family: verdana, geneva; font-size: 10pt;\">\u00a0<\/span><\/td>\n<\/tr>\n<tr>\n<td style=\"width: 45%; height: 20px; border: #5090b0 1px solid;\" align=\"center\" valign=\"middle\"><span style=\"font-family: verdana, geneva; font-size: 10pt;\">\u00a0<\/span><\/td>\n<td style=\"width: 45%; height: 20px; border: #5090b0 1px solid;\" align=\"center\" valign=\"middle\"><span style=\"font-family: verdana, geneva; font-size: 10pt;\">\u00a0<\/span><\/td>\n<\/tr>\n<tr>\n<td style=\"width: 45%; height: 20px; border: #5090b0 1px solid;\" align=\"center\" valign=\"middle\"><span style=\"font-family: verdana, geneva; font-size: 10pt;\">\u00a0<\/span><\/td>\n<td style=\"width: 45%; height: 20px; border: #5090b0 1px solid;\" align=\"center\" valign=\"middle\"><span style=\"font-family: verdana, geneva; font-size: 10pt;\">\u00a0<\/span><\/td>\n<\/tr>\n<tr>\n<td style=\"width: 45%; height: 20px; border: #5090b0 1px solid;\" align=\"center\" valign=\"middle\"><span style=\"font-family: verdana, geneva; font-size: 10pt;\">\u00a0<\/span><\/td>\n<td style=\"width: 45%; height: 20px; border: #5090b0 1px solid;\" align=\"center\" valign=\"middle\"><span style=\"font-family: verdana, geneva; font-size: 10pt;\">\u00a0<\/span><\/td>\n<\/tr>\n<tr>\n<td style=\"width: 45%; height: 20px; border: #5090b0 1px solid;\" align=\"center\" valign=\"middle\"><span style=\"font-family: verdana, geneva; font-size: 10pt;\">\u00a0<\/span><\/td>\n<td style=\"width: 45%; height: 20px; border: #5090b0 1px solid;\" align=\"center\" valign=\"middle\"><span style=\"font-family: verdana, geneva; font-size: 10pt;\">\u00a0<\/span><\/td>\n<\/tr>\n<tr>\n<td style=\"width: 45%; height: 20px; border: #5090b0 1px solid;\" align=\"center\" valign=\"middle\"><span style=\"font-family: verdana, geneva; font-size: 10pt;\">\u00a0<\/span><\/td>\n<td style=\"width: 45%; height: 20px; border: #5090b0 1px solid;\" align=\"center\" valign=\"middle\"><span style=\"font-family: verdana, geneva; font-size: 10pt;\">\u00a0<\/span><\/td>\n<\/tr>\n<tr>\n<td style=\"width: 45%; height: 20px; border: #5090b0 1px solid;\" align=\"center\" valign=\"middle\"><span style=\"font-family: verdana, geneva; font-size: 10pt;\">\u00a0<\/span><\/td>\n<td style=\"width: 45%; height: 20px; border: #5090b0 1px solid;\" align=\"center\" valign=\"middle\"><span style=\"font-family: verdana, geneva; font-size: 10pt;\">\u00a0<\/span><\/td>\n<\/tr>\n<tr>\n<td style=\"width: 45%; height: 20px; border: #5090b0 1px solid;\" align=\"center\" valign=\"middle\"><span style=\"font-family: verdana, geneva; font-size: 10pt;\">\u00a0<\/span><\/td>\n<td style=\"width: 45%; height: 20px; border: #5090b0 1px solid;\" align=\"center\" valign=\"middle\"><span style=\"font-family: verdana, geneva; font-size: 10pt;\">\u00a0<\/span><\/td>\n<\/tr>\n<tr>\n<td style=\"width: 45%; height: 20px; border: #5090b0 1px solid;\" align=\"center\" valign=\"middle\"><span style=\"font-family: verdana, geneva; font-size: 10pt;\">\u00a0<\/span><\/td>\n<td style=\"width: 45%; height: 20px; border: #5090b0 1px solid;\" align=\"center\" valign=\"middle\"><span style=\"font-family: verdana, geneva; font-size: 10pt;\">\u00a0<\/span><\/td>\n<\/tr>\n<tr>\n<td style=\"width: 45%; height: 20px; border: #5090b0 1px solid;\" align=\"center\" valign=\"middle\"><span style=\"font-family: verdana, geneva; font-size: 10pt;\">\u00a0<\/span><\/td>\n<td style=\"width: 45%; height: 20px; border: #5090b0 1px solid;\" align=\"center\" valign=\"middle\"><span style=\"font-family: verdana, geneva; font-size: 10pt;\">\u00a0<\/span><\/td>\n<\/tr>\n<tr>\n<td style=\"width: 45%; height: 20px; border: #5090b0 1px solid;\" align=\"center\" valign=\"middle\"><span style=\"font-family: verdana, geneva; font-size: 10pt;\">\u00a0<\/span><\/td>\n<td style=\"width: 45%; height: 20px; border: #5090b0 1px solid;\" align=\"center\" valign=\"middle\"><span style=\"font-family: verdana, geneva; font-size: 10pt;\">\u00a0<\/span><\/td>\n<\/tr>\n<tr>\n<td style=\"width: 45%; height: 20px; border: #5090b0 1px solid;\" align=\"center\" valign=\"middle\"><span style=\"font-family: verdana, geneva; font-size: 10pt;\">\u00a0<\/span><\/td>\n<td style=\"width: 45%; height: 20px; border: #5090b0 1px solid;\" align=\"center\" valign=\"middle\"><span style=\"font-family: verdana, geneva; font-size: 10pt;\">\u00a0<\/span><\/td>\n<\/tr>\n<tr>\n<td style=\"width: 45%; height: 20px; border: #5090b0 1px solid;\" align=\"center\" valign=\"middle\"><span style=\"font-family: verdana, geneva; font-size: 10pt;\">\u00a0<\/span><\/td>\n<td style=\"width: 45%; height: 20px; border: #5090b0 1px solid;\" align=\"center\" valign=\"middle\"><span style=\"font-family: verdana, geneva; font-size: 10pt;\">\u00a0<\/span><\/td>\n<\/tr>\n<tr>\n<td style=\"width: 45%; height: 20px; border: #5090b0 1px solid;\" align=\"center\" valign=\"middle\"><span style=\"font-family: verdana, geneva; font-size: 10pt;\">\u00a0<\/span><\/td>\n<td style=\"width: 45%; height: 20px; border: #5090b0 1px solid;\" align=\"center\" valign=\"middle\"><span style=\"font-family: verdana, geneva; font-size: 10pt;\">\u00a0<\/span><\/td>\n<\/tr>\n<tr>\n<td style=\"width: 45%; height: 20px; border: #5090b0 1px solid;\" align=\"center\" valign=\"middle\"><span style=\"font-family: verdana, geneva; font-size: 10pt;\">\u00a0<\/span><\/td>\n<td style=\"width: 45%; height: 20px; border: #5090b0 1px solid;\" align=\"center\" valign=\"middle\"><span style=\"font-family: verdana, geneva; font-size: 10pt;\">\u00a0<\/span><\/td>\n<\/tr>\n<tr>\n<td style=\"width: 45%; height: 20px; border: #5090b0 1px solid;\" align=\"center\" valign=\"middle\"><span style=\"font-family: verdana, geneva; font-size: 10pt;\">\u00a0<\/span><\/td>\n<td style=\"width: 45%; height: 20px; border: #5090b0 1px solid;\" align=\"center\" valign=\"middle\"><span style=\"font-family: verdana, geneva; font-size: 10pt;\">\u00a0<\/span><\/td>\n<\/tr>\n<tr>\n<td style=\"width: 45%; height: 20px; border: #5090b0 1px solid;\" align=\"center\" valign=\"middle\"><span style=\"font-family: verdana, geneva; font-size: 10pt;\">\u00a0<\/span><\/td>\n<td style=\"width: 45%; height: 20px; border: #5090b0 1px solid;\" align=\"center\" valign=\"middle\"><span style=\"font-family: verdana, geneva; font-size: 10pt;\">\u00a0<\/span><\/td>\n<\/tr>\n<tr>\n<td style=\"width: 45%; height: 20px; border: #5090b0 1px solid;\" align=\"center\" valign=\"middle\"><span style=\"font-family: verdana, geneva; font-size: 10pt;\">\u00a0<\/span><\/td>\n<td style=\"width: 45%; height: 20px; border: #5090b0 1px solid;\" align=\"center\" valign=\"middle\"><span style=\"font-family: verdana, geneva; font-size: 10pt;\">\u00a0<\/span><\/td>\n<\/tr>\n<tr>\n<td style=\"width: 45%; height: 20px; border: #5090b0 1px solid;\" align=\"center\" valign=\"middle\"><span style=\"font-family: verdana, geneva; font-size: 10pt;\">\u00a0<\/span><\/td>\n<td style=\"width: 45%; height: 20px; border: #5090b0 1px solid;\" align=\"center\" valign=\"middle\"><\/td>\n<\/tr>\n<tr>\n<td style=\"width: 45%; height: 20px; border: #5090b0 1px solid;\" align=\"center\" valign=\"middle\"><\/td>\n<td style=\"width: 45%; height: 20px; border: #5090b0 1px solid;\" align=\"center\" valign=\"middle\"><\/td>\n<\/tr>\n<tr>\n<td style=\"width: 45%; height: 20px; border: #5090b0 1px solid;\" align=\"center\" valign=\"middle\"><\/td>\n<td style=\"width: 45%; height: 20px; border: #5090b0 1px solid;\" align=\"center\" valign=\"middle\"><\/td>\n<\/tr>\n<\/tbody>\n<\/table>\n","protected":false},"excerpt":{"rendered":"<p>DOCENTES Docentes del Profesorado de \u00a0Educaci\u00f3n Inicial Alba, Eugenio Alonso, Tomas Bruno, Marisa Canepare, Silvana Cortesi, M\u00f3nica Ferreira, Erica Ghibaudi, Cynthia Godoy Rossi, Joel Keimel, Laura Lucesole, Elba Mangieri, Florencia Mansione, Victor Miquel, Magal\u00ed Moiso, Julia Olgu\u00edn, Graciela Russo, Eliana Santill\u00e1n, Guillermo Sperr, Guillermo Tolosa, Ana Laura Villa, Noelia Virgilio, Alba Vizio, Paula Zancarini, Griselda &#8230; <a title=\"Docentes y No Docentes\" class=\"read-more\" href=\"https:\/\/isfd153-bue.infd.edu.ar\/sitio\/docentes-y-no-docentes\/\" aria-label=\"More on Docentes y No Docentes\">[+]<\/a><\/p>\n","protected":false},"author":53,"featured_media":0,"parent":0,"menu_order":0,"comment_status":"closed","ping_status":"closed","template":"","meta":[],"acf":[],"_links":{"self":[{"href":"https:\/\/isfd153-bue.infd.edu.ar\/sitio\/wp-json\/wp\/v2\/pages\/750"}],"collection":[{"href":"https:\/\/isfd153-bue.infd.edu.ar\/sitio\/wp-json\/wp\/v2\/pages"}],"about":[{"href":"https:\/\/isfd153-bue.infd.edu.ar\/sitio\/wp-json\/wp\/v2\/types\/page"}],"author":[{"embeddable":true,"href":"https:\/\/isfd153-bue.infd.edu.ar\/sitio\/wp-json\/wp\/v2\/users\/53"}],"replies":[{"embeddable":true,"href":"https:\/\/isfd153-bue.infd.edu.ar\/sitio\/wp-json\/wp\/v2\/comments?post=750"}],"version-history":[{"count":4,"href":"https:\/\/isfd153-bue.infd.edu.ar\/sitio\/wp-json\/wp\/v2\/pages\/750\/revisions"}],"predecessor-version":[{"id":794,"href":"https:\/\/isfd153-bue.infd.edu.ar\/sitio\/wp-json\/wp\/v2\/pages\/750\/revisions\/794"}],"wp:attachment":[{"href":"https:\/\/isfd153-bue.infd.edu.ar\/sitio\/wp-json\/wp\/v2\/media?parent=750"}],"curies":[{"name":"wp","href":"https:\/\/api.w.org\/{rel}","templated":true}]}}